{"id":527,"date":"2025-07-18T13:34:07","date_gmt":"2025-07-18T13:34:07","guid":{"rendered":"https:\/\/perseinstitute.com\/nasze-ramy\/"},"modified":"2025-10-09T06:08:00","modified_gmt":"2025-10-09T06:08:00","slug":"nasze-podejscie","status":"publish","type":"page","link":"https:\/\/perseinstitute.com\/pl\/nasze-podejscie\/","title":{"rendered":"Nasze podej\u015bcie"},"content":{"rendered":"\n<div class=\"wp-block-group title\"><div class=\"wp-block-group__inner-container is-layout-constrained wp-block-group-is-layout-constrained\"><div class=\"wp-block-image star\">\n<figure class=\"aligncenter size-full\"><img decoding=\"async\" src=\"http:\/\/perseinstitute.com\/wp-content\/uploads\/2025\/07\/star.svg\" alt=\"\" class=\"wp-image-32\"\/><\/figure>\n<\/div>\n\n\n<h1 class=\"wp-block-heading has-text-align-center\">O nas<\/h1>\n<\/div><\/div>\n\n<figure class=\"wp-block-image alignfull size-full is-style-default\"><img loading=\"lazy\" decoding=\"async\" width=\"1920\" height=\"380\" src=\"https:\/\/perseinstitute.com\/wp-content\/uploads\/2025\/10\/2.webp\" alt=\"\" class=\"wp-image-474\" srcset=\"https:\/\/perseinstitute.com\/wp-content\/uploads\/2025\/10\/2.webp 1920w, https:\/\/perseinstitute.com\/wp-content\/uploads\/2025\/10\/2-300x59.webp 300w, https:\/\/perseinstitute.com\/wp-content\/uploads\/2025\/10\/2-1024x203.webp 1024w, https:\/\/perseinstitute.com\/wp-content\/uploads\/2025\/10\/2-768x152.webp 768w, https:\/\/perseinstitute.com\/wp-content\/uploads\/2025\/10\/2-1536x304.webp 1536w\" sizes=\"auto, (max-width: 1920px) 100vw, 1920px\" \/><\/figure>\n\n<div aria-hidden=\"true\" class=\"wp-block-spacer\"><\/div>\n\n<p class=\"has-text-align-center\">Instytut Perse zosta\u0142 za\u0142o\u017cony przez ekspert\u00f3w w dziedzinie <strong>ESG, Zarz\u0105dzania Ryzykiem, Danych, Analityki i AI,<\/strong> oraz <strong>Rozwoju Cz\u0142owieka<\/strong> &#8211; z do\u015bwiadczeniem w szkoleniach dla kadry kierowniczej, wyst\u0105pieniach kluczowych i doradztwie. Powstali\u015bmy w odpowiedzi na wyra\u017an\u0105 zmian\u0119 na rynku: profesjonali\u015bci i organizacje nie s\u0105 ju\u017c zadowoleni z og\u00f3lnych form nauki. <br\/>Dlatego nasze szkolenia s\u0105 zaprojektowane dla wszystkich sektor\u00f3w &#8211; od <strong>Finans\u00f3w, Bankowo\u015bci<\/strong> i<strong> Energetyki<\/strong> po<strong> Technologie, Produkcj\u0119,<\/strong> i<strong> Instytucje Publiczne<\/strong>.<\/p>\n\n<div aria-hidden=\"true\" class=\"wp-block-spacer\"><\/div>\n\n<h4 class=\"wp-block-heading has-text-align-center\"><strong>Wsp\u00f3\u0142pracujemy z:<\/strong><\/h4>\n\n<div class=\"wp-block-columns are-vertically-aligned-center is-layout-flex wp-container-core-columns-is-layout-9d6595d7 wp-block-columns-is-layout-flex\">\n<div class=\"wp-block-column is-vertically-aligned-center is-layout-flow wp-block-column-is-layout-flow\" style=\"flex-basis:120px\">\n<figure class=\"wp-block-image size-large is-resized\"><img loading=\"lazy\" decoding=\"async\" width=\"99\" height=\"95\" src=\"https:\/\/perseinstitute.com\/wp-content\/uploads\/2025\/09\/wework01.svg\" alt=\"\" class=\"wp-image-247\" style=\"width:100px\"\/><\/figure>\n<\/div>\n\n\n\n<div class=\"wp-block-column is-vertically-aligned-center is-layout-flow wp-block-column-is-layout-flow\" style=\"flex-basis:30%\">\n<p>Firmami, Edukatorami, NGO, Instytucjami Publicznymi, Korporacjami i innymi Klientami, kt\u00f3rzy potrzebuj\u0105 wysokiego poziomu ekspertyzy, wsparcia doradczego i pomocy zespo\u0142om zarz\u0105dzaj\u0105cym w wzmacnianiu odporno\u015bci organizacyjnej oraz zapewnieniu ci\u0105g\u0142o\u015bci wiedzy.<\/p>\n<\/div>\n\n\n\n<div class=\"wp-block-column is-vertically-aligned-center is-layout-flow wp-block-column-is-layout-flow\"><\/div>\n\n\n\n<div class=\"wp-block-column is-vertically-aligned-center is-layout-flow wp-block-column-is-layout-flow\" style=\"flex-basis:30%\">\n<p>Osobami na ka\u017cdym poziomie sta\u017cu, kt\u00f3re chc\u0105 zdoby\u0107 wiedz\u0119 specjalistyczn\u0105 w zakresie ESG, Ryzyka, pog\u0142\u0119bi\u0107 temat Danych, Analityki i AI oraz rozwija\u0107 sw\u00f3j rozw\u00f3j osobisty.<\/p>\n<\/div>\n\n\n\n<div class=\"wp-block-column is-vertically-aligned-center is-layout-flow wp-block-column-is-layout-flow\" style=\"flex-basis:60px\">\n<figure class=\"wp-block-image size-large is-resized\"><img loading=\"lazy\" decoding=\"async\" width=\"38\" height=\"96\" src=\"https:\/\/perseinstitute.com\/wp-content\/uploads\/2025\/09\/wework02.svg\" alt=\"\" class=\"wp-image-248\" style=\"width:40px\"\/><\/figure>\n<\/div>\n<\/div>\n\n<div aria-hidden=\"true\" class=\"wp-block-spacer\"><\/div>\n\n<div class=\"wp-block-group title\"><div class=\"wp-block-group__inner-container is-layout-constrained wp-block-group-is-layout-constrained\"><div class=\"wp-block-image star\">\n<figure class=\"aligncenter size-full\"><img decoding=\"async\" src=\"http:\/\/perseinstitute.com\/wp-content\/uploads\/2025\/07\/star.svg\" alt=\"\" class=\"wp-image-32\"\/><\/figure>\n<\/div>\n\n\n<h1 class=\"wp-block-heading has-text-align-center\">Nasza wizja<\/h1>\n<\/div><\/div>\n\n<figure class=\"wp-block-image alignfull size-full is-style-default\"><img loading=\"lazy\" decoding=\"async\" width=\"1920\" height=\"380\" src=\"https:\/\/perseinstitute.com\/wp-content\/uploads\/2025\/10\/1.webp\" alt=\"\" class=\"wp-image-473\" srcset=\"https:\/\/perseinstitute.com\/wp-content\/uploads\/2025\/10\/1.webp 1920w, https:\/\/perseinstitute.com\/wp-content\/uploads\/2025\/10\/1-300x59.webp 300w, https:\/\/perseinstitute.com\/wp-content\/uploads\/2025\/10\/1-1024x203.webp 1024w, https:\/\/perseinstitute.com\/wp-content\/uploads\/2025\/10\/1-768x152.webp 768w, https:\/\/perseinstitute.com\/wp-content\/uploads\/2025\/10\/1-1536x304.webp 1536w\" sizes=\"auto, (max-width: 1920px) 100vw, 1920px\" \/><\/figure>\n\n<div class=\"wp-block-group alignfull bluesection has-white-background-color has-background\"><div class=\"wp-block-group__inner-container is-layout-constrained wp-block-group-is-layout-constrained\">\n<h3 class=\"wp-block-heading has-text-align-center has-medium-font-size\">W \u015bwiecie, gdzie wiedza znika szybciej ni\u017c powstaje, <span style=\"color:#c89c58;\">Instytut Perse<\/span> zosta\u0142 stworzony, aby temu przeciwdzia\u0142a\u0107.<\/h3>\n\n\n\n<div style=\"height:31px\" aria-hidden=\"true\" class=\"wp-block-spacer\"><\/div>\n\n\n\n<div class=\"wp-block-columns is-layout-flex wp-container-core-columns-is-layout-9d6595d7 wp-block-columns-is-layout-flex\">\n<div class=\"wp-block-column is-layout-flow wp-block-column-is-layout-flow\"><\/div>\n\n\n\n<div class=\"wp-block-column is-layout-flow wp-block-column-is-layout-flow\" style=\"flex-basis:80%\">\n<p class=\"has-text-align-center\"><\/p>\n<\/div>\n\n\n\n<div class=\"wp-block-column is-layout-flow wp-block-column-is-layout-flow\"><\/div>\n<\/div>\n\n\n\n<div style=\"height:31px\" aria-hidden=\"true\" class=\"wp-block-spacer\"><\/div>\n\n\n\n<div class=\"wp-block-columns is-layout-flex wp-container-core-columns-is-layout-9d6595d7 wp-block-columns-is-layout-flex\">\n<div class=\"wp-block-column is-layout-flow wp-block-column-is-layout-flow\"><div class=\"wp-block-image\">\n<figure class=\"aligncenter size-large is-resized\"><img loading=\"lazy\" decoding=\"async\" width=\"130\" height=\"120\" src=\"https:\/\/perseinstitute.com\/wp-content\/uploads\/2025\/09\/vision01.svg\" alt=\"\" class=\"wp-image-234\" style=\"width:auto;height:124px\"\/><\/figure>\n<\/div>\n\n\n<div style=\"height:30px\" aria-hidden=\"true\" class=\"wp-block-spacer\"><\/div>\n\n\n\n<p class=\"has-text-align-center\">Pomagamy firmom budowa\u0107 <strong style=\"color:#c89c58;\">odporne kultury wiedzy<\/strong> &#8211; takie, kt\u00f3re przetrwaj\u0105 niepewno\u015b\u0107, wspomog\u0105 zr\u00f3wnowa\u017con\u0105 transformacj\u0119 i b\u0119d\u0105 zgodne z warto\u015bciami ESG.<\/p>\n<\/div>\n\n\n\n<div class=\"wp-block-column is-layout-flow wp-block-column-is-layout-flow\"><div class=\"wp-block-image\">\n<figure class=\"aligncenter size-large is-resized\"><img loading=\"lazy\" decoding=\"async\" width=\"160\" height=\"128\" src=\"https:\/\/perseinstitute.com\/wp-content\/uploads\/2025\/09\/vision02.svg\" alt=\"\" class=\"wp-image-235\" style=\"width:auto;height:124px\"\/><\/figure>\n<\/div>\n\n\n<div style=\"height:30px\" aria-hidden=\"true\" class=\"wp-block-spacer\"><\/div>\n\n\n\n<p class=\"has-text-align-center\">Projektujemy <strong style=\"color:#c89c58;\">systemy uczenia si\u0119<\/strong>, kt\u00f3re nie tylko informuj\u0105 \u2014 osadzaj\u0105 kompetencje, wzmacniaj\u0105 zespo\u0142y i przekszta\u0142caj\u0105 kapita\u0142 ludzki w d\u0142ugoterminow\u0105 warto\u015b\u0107 strategiczn\u0105.<\/p>\n<\/div>\n\n\n\n<div class=\"wp-block-column is-layout-flow wp-block-column-is-layout-flow\"><div class=\"wp-block-image\">\n<figure class=\"aligncenter size-large is-resized\"><img loading=\"lazy\" decoding=\"async\" width=\"107\" height=\"126\" src=\"https:\/\/perseinstitute.com\/wp-content\/uploads\/2025\/09\/vision03.svg\" alt=\"\" class=\"wp-image-236\" style=\"width:auto;height:124px\"\/><\/figure>\n<\/div>\n\n\n<div style=\"height:30px\" aria-hidden=\"true\" class=\"wp-block-spacer\"><\/div>\n\n\n\n<p class=\"has-text-align-center\">Wiemy, \u017ce <strong style=\"color:#c89c58;\">prawdziwa zr\u00f3wnowa\u017cono\u015b\u0107<\/strong> zaczyna si\u0119 nie od polityki, ale od ludzi, kt\u00f3rzy wiedz\u0105, kt\u00f3rzy si\u0119 adaptuj\u0105 i kt\u00f3rzy prowadz\u0105 dojrzale z celem.<\/p>\n<\/div>\n\n\n\n<div class=\"wp-block-column is-layout-flow wp-block-column-is-layout-flow\"><div class=\"wp-block-image\">\n<figure class=\"aligncenter size-large is-resized\"><img loading=\"lazy\" decoding=\"async\" width=\"69\" height=\"119\" src=\"https:\/\/perseinstitute.com\/wp-content\/uploads\/2025\/09\/vision04.svg\" alt=\"\" class=\"wp-image-237\" style=\"width:auto;height:124px\"\/><\/figure>\n<\/div>\n\n\n<div style=\"height:30px\" aria-hidden=\"true\" class=\"wp-block-spacer\"><\/div>\n\n\n\n<p class=\"has-text-align-center\">Wyposa\u017camy ludzi i organizacje w <strong style=\"color:#c89c58;\">wiedz\u0119 potrzebn\u0105 do reagowania, odzyskiwania si\u0142 i odbudowy<\/strong> \u2014 bez wzgl\u0119du na zak\u0142\u00f3cenia.<\/p>\n<\/div>\n<\/div>\n<\/div><\/div>\n\n<div style=\"height:25px\" aria-hidden=\"true\" class=\"wp-block-spacer\"><\/div>\n\n<div class=\"wp-block-group title\"><div class=\"wp-block-group__inner-container is-layout-constrained wp-block-group-is-layout-constrained\"><div class=\"wp-block-image star\">\n<figure class=\"aligncenter size-full\"><img decoding=\"async\" src=\"http:\/\/perseinstitute.com\/wp-content\/uploads\/2025\/07\/star.svg\" alt=\"\" class=\"wp-image-32\"\/><\/figure>\n<\/div>\n\n\n<h1 class=\"wp-block-heading has-text-align-center\">Nasze podej\u015bcie<\/h1>\n<\/div><\/div>\n\n<figure class=\"wp-block-image alignfull size-large is-style-default\"><img loading=\"lazy\" decoding=\"async\" width=\"1024\" height=\"203\" src=\"https:\/\/perseinstitute.com\/wp-content\/uploads\/2025\/10\/4-1-1024x203.webp\" alt=\"\" class=\"wp-image-482\" srcset=\"https:\/\/perseinstitute.com\/wp-content\/uploads\/2025\/10\/4-1-1024x203.webp 1024w, https:\/\/perseinstitute.com\/wp-content\/uploads\/2025\/10\/4-1-300x59.webp 300w, https:\/\/perseinstitute.com\/wp-content\/uploads\/2025\/10\/4-1-768x152.webp 768w, https:\/\/perseinstitute.com\/wp-content\/uploads\/2025\/10\/4-1-1536x304.webp 1536w, https:\/\/perseinstitute.com\/wp-content\/uploads\/2025\/10\/4-1.webp 1920w\" sizes=\"auto, (max-width: 1024px) 100vw, 1024px\" \/><\/figure>\n\n<div style=\"height:25px\" aria-hidden=\"true\" class=\"wp-block-spacer\"><\/div>\n\n<h2 class=\"wp-block-heading has-text-align-center\">Pi\u0119\u0107 kluczowych filar\u00f3w<\/h2>\n\n<p class=\"has-text-align-center\">Wierzymy, \u017ce prawdziwa zmiana zaczyna si\u0119 od jasnego celu, zr\u00f3wnowa\u017conej wiedzy i odpowiedzialno\u015bci za przysz\u0142o\u015b\u0107.<\/p>\n\n<div style=\"height:54px\" aria-hidden=\"true\" class=\"wp-block-spacer\"><\/div>\n<div class=\"wp-block-image\">\n<figure class=\"aligncenter size-large\"><img loading=\"lazy\" decoding=\"async\" width=\"514\" height=\"141\" src=\"https:\/\/perseinstitute.com\/wp-content\/uploads\/2025\/09\/columns-graphics.svg\" alt=\"\" class=\"wp-image-238\"\/><\/figure>\n<\/div>\n<div style=\"height:49px\" aria-hidden=\"true\" class=\"wp-block-spacer\"><\/div>\n\n<div class=\"wp-block-group expertise-grid is-layout-grid wp-container-core-group-is-layout-6be84c55 wp-block-group-is-layout-grid\">\n<div class=\"wp-block-group is-vertical is-content-justification-center is-layout-flex wp-container-core-group-is-layout-4b2eccd6 wp-block-group-is-layout-flex\">\n<h4 class=\"wp-block-heading\">Cel<\/h4>\n\n\n\n<p class=\"has-text-align-center\">Ka\u017cde szkolenie ma cel &#8211; <strong>wspieranie prawdziwej zmiany i rozwoju.<\/strong> Nasza ekspertyza opiera si\u0119 na naszej umiej\u0119tno\u015bci pracy ze wszystkimi umys\u0142ami ucz\u0105cymi si\u0119.<\/p>\n<\/div>\n\n\n\n<div class=\"wp-block-group is-vertical is-content-justification-center is-layout-flex wp-container-core-group-is-layout-4b2eccd6 wp-block-group-is-layout-flex\">\n<h4 class=\"wp-block-heading\">Zaanga\u017cowanie<\/h4>\n\n\n\n<p class=\"has-text-align-center\">Proces uczenia si\u0119 to <strong>ci\u0105g\u0142y rozw\u00f3j wiedzy<\/strong>, postawy i dzia\u0142ania oparty na <strong>podw\u00f3jnym procesie pracy<\/strong> \u2013 klienta i trenera.<\/p>\n<\/div>\n\n\n\n<div class=\"wp-block-group is-vertical is-content-justification-center is-layout-flex wp-container-core-group-is-layout-4b2eccd6 wp-block-group-is-layout-flex\">\n<h4 class=\"wp-block-heading\">Retencja<\/h4>\n\n\n\n<p class=\"has-text-align-center\">Wiedza, kt\u00f3ra zostaje na zawsze poprzez <strong>praktyczne wdro\u017cenie<\/strong> i skuteczne w\u0142\u0105czenie do modelu biznesowego firm.<\/p>\n<\/div>\n\n\n\n<div class=\"wp-block-group is-vertical is-content-justification-center is-layout-flex wp-container-core-group-is-layout-4b2eccd6 wp-block-group-is-layout-flex\">\n<h4 class=\"wp-block-heading\">Zr\u00f3wnowa\u017cono\u015b\u0107<\/h4>\n\n\n\n<p class=\"has-text-align-center\">Jeste\u015bmy <strong>zawsze zaanga\u017cowani w odpowiedzialny rozw\u00f3j<\/strong> zgodny z warto\u015bciami ESG, sta\u017cem ludzi, typem organizacji i zespo\u0142\u00f3w poprzez identyfikacj\u0119 potrzeb.<\/p>\n<\/div>\n\n\n\n<div class=\"wp-block-group is-vertical is-content-justification-center is-layout-flex wp-container-core-group-is-layout-4b2eccd6 wp-block-group-is-layout-flex\">\n<h4 class=\"wp-block-heading\">Wzmocnienie<\/h4>\n\n\n\n<p class=\"has-text-align-center\">Wspieramy ludzi w <strong>podejmowaniu \u015bwiadomych i odwa\u017cnych decyzji<\/strong>, opartych na wysokim poziomie zbudowanej odporno\u015bci i \u015bwiadomo\u015bci wsp\u00f3\u0142czesnych wyzwa\u0144 \u015bwiata.<\/p>\n<\/div>\n<\/div>\n\n<div style=\"height:80px\" aria-hidden=\"true\" class=\"wp-block-spacer\"><\/div>\n\n<h2 class=\"wp-block-heading has-text-align-center\">Standard uczenia si\u0119 Perse integrale<\/h2>\n\n<p class=\"has-text-align-center\">Prawdziwy rozw\u00f3j nie zaczyna si\u0119 od prezentacji &#8211; zaczyna si\u0119 od znaczenia. <br\/>Dlatego zaprojektowali\u015bmy Standard Uczenia si\u0119 Perse Integrale &#8211; ustrukturyzowane, trzyfazowe podej\u015bcie, kt\u00f3re zapewnia, \u017ce wiedza jest nie tylko przekazywana, ale <strong>zapami\u0119tywana, stosowana i osadzana<\/strong> w praktyce rzeczywistego \u015bwiata: <strong>Preludium Wgl\u0105du, Studio, Refleksja Wp\u0142ywu.<\/strong> Ka\u017cda z nich wspiera Pa\u0144stwa na wszystkich poziomach uczenia si\u0119 w unikalny spos\u00f3b. U podstaw nazewnictwa Standardu Uczenia si\u0119 Perse Integrale le\u017cy przekonanie, \u017ce wiedza to za ma\u0142o &#8211; musi by\u0107 prze\u017cywana, rozumiana i osadzona w praktyce, aby si\u0119 utrzyma\u0142a i doprowadzi\u0142a do prawdziwej zmiany.<\/p>\n\n<div style=\"height:40px\" aria-hidden=\"true\" class=\"wp-block-spacer\"><\/div>\n\n<div class=\"wp-block-columns offer-titles is-layout-flex wp-container-core-columns-is-layout-9d6595d7 wp-block-columns-is-layout-flex\">\n<div class=\"wp-block-column is-layout-flow wp-block-column-is-layout-flow\">\n<div class=\"wp-block-group is-vertical is-content-justification-right is-layout-flex wp-container-core-group-is-layout-b6c475e2 wp-block-group-is-layout-flex\">\n<h2 class=\"wp-block-heading has-text-align-right\">Wyb\u00f3r wst\u0119pny<\/h2>\n\n\n\n<p class=\"has-text-align-right\">Moment, gdy uczestnik \u015bwiadomie wybiera swoj\u0105 \u015bcie\u017ck\u0119 uczenia si\u0119, zgodn\u0105 z jego osobistymi lub organizacyjnymi celami.<\/p>\n<\/div>\n\n\n\n<div style=\"height:72px\" aria-hidden=\"true\" class=\"wp-block-spacer\"><\/div>\n\n\n\n<div class=\"wp-block-group is-vertical is-content-justification-right is-layout-flex wp-container-core-group-is-layout-b6c475e2 wp-block-group-is-layout-flex\">\n<h2 class=\"wp-block-heading has-text-align-right\">Studio<\/h2>\n\n\n\n<p class=\"has-text-align-right\">Immersyjne do\u015bwiadczenie oparte na warsztatach, skupione na aktywnym uczeniu si\u0119, wymianie mi\u0119dzy r\u00f3wie\u015bnikami i mo\u017cliwo\u015bci zastosowania prawdziwej zmiany.<\/p>\n<\/div>\n<\/div>\n\n\n\n<div class=\"wp-block-column is-layout-flow wp-block-column-is-layout-flow\">\n<div style=\"height:72px\" aria-hidden=\"true\" class=\"wp-block-spacer\"><\/div>\n\n\n\n<div class=\"wp-block-group is-vertical is-content-justification-left is-layout-flex wp-container-core-group-is-layout-c0ca7d81 wp-block-group-is-layout-flex\">\n<h2 class=\"wp-block-heading has-text-align-left\">Preludium wgl\u0105du<\/h2>\n\n\n\n<p class=\"has-text-align-left\">Etap przygotowawczy, kt\u00f3ry wyposa\u017ca indywidualnego uczestnika w sesj\u0119 z trenerem, aby zapewni\u0107 trafno\u015b\u0107 i zaanga\u017cowanie.<\/p>\n<\/div>\n\n\n\n<div style=\"height:72px\" aria-hidden=\"true\" class=\"wp-block-spacer\"><\/div>\n\n\n\n<div class=\"wp-block-group is-vertical is-content-justification-left is-layout-flex wp-container-core-group-is-layout-c0ca7d81 wp-block-group-is-layout-flex\">\n<h2 class=\"wp-block-heading has-text-align-left\">Refleksja wp\u0142ywu<\/h2>\n\n\n\n<p class=\"has-text-align-left\">Faza po szkoleniu, kt\u00f3ra wzmacnia retencj\u0119, zach\u0119ca do wdra\u017cania i wspiera d\u0142ugoterminowy wp\u0142yw poprzez kierowan\u0105 refleksj\u0119.<\/p>\n<\/div>\n<\/div>\n<\/div>\n\n<div style=\"height:25px\" aria-hidden=\"true\" class=\"wp-block-spacer\"><\/div>\n\n<p>Nasz standard uczenia si\u0119 zapewnia, \u017ce uczestnicy nie tylko uczestnicz\u0105 w szkoleniu \u2014 anga\u017cuj\u0105 si\u0119 w znacz\u0105cy proces, kt\u00f3ry \u0142\u0105czy wiedz\u0119 z dzia\u0142aniem. To w\u0142a\u015bnie wyr\u00f3\u017cnia Instytut Perse na rynku nasyconym pasywnymi formatami uczenia si\u0119. <\/p>\n\n<p><\/p>\n","protected":false},"excerpt":{"rendered":"<p>O nas Instytut Perse zosta\u0142 za\u0142o\u017cony przez ekspert\u00f3w w dziedzinie ESG, Zarz\u0105dzania Ryzykiem, Danych, Analityki i AI, oraz Rozwoju Cz\u0142owieka &#8211; z do\u015bwiadczeniem w szkoleniach dla kadry kierowniczej, wyst\u0105pieniach kluczowych&#8230;<\/p>\n","protected":false},"author":1,"featured_media":541,"parent":0,"menu_order":0,"comment_status":"closed","ping_status":"closed","template":"page-sidemenu.php","meta":{"_acf_changed":false,"footnotes":""},"class_list":["post-527","page","type-page","status-publish","has-post-thumbnail","hentry"],"acf":[],"_links":{"self":[{"href":"https:\/\/perseinstitute.com\/pl\/wp-json\/wp\/v2\/pages\/527","targetHints":{"allow":["GET"]}}],"collection":[{"href":"https:\/\/perseinstitute.com\/pl\/wp-json\/wp\/v2\/pages"}],"about":[{"href":"https:\/\/perseinstitute.com\/pl\/wp-json\/wp\/v2\/types\/page"}],"author":[{"embeddable":true,"href":"https:\/\/perseinstitute.com\/pl\/wp-json\/wp\/v2\/users\/1"}],"replies":[{"embeddable":true,"href":"https:\/\/perseinstitute.com\/pl\/wp-json\/wp\/v2\/comments?post=527"}],"version-history":[{"count":3,"href":"https:\/\/perseinstitute.com\/pl\/wp-json\/wp\/v2\/pages\/527\/revisions"}],"predecessor-version":[{"id":580,"href":"https:\/\/perseinstitute.com\/pl\/wp-json\/wp\/v2\/pages\/527\/revisions\/580"}],"wp:featuredmedia":[{"embeddable":true,"href":"https:\/\/perseinstitute.com\/pl\/wp-json\/wp\/v2\/media\/541"}],"wp:attachment":[{"href":"https:\/\/perseinstitute.com\/pl\/wp-json\/wp\/v2\/media?parent=527"}],"curies":[{"name":"wp","href":"https:\/\/api.w.org\/{rel}","templated":true}]}}