{"id":524,"date":"2025-08-03T13:58:21","date_gmt":"2025-08-03T13:58:21","guid":{"rendered":"https:\/\/perseinstitute.com\/polityka-prywatnosci-newsletter\/"},"modified":"2025-10-08T13:41:51","modified_gmt":"2025-10-08T13:41:51","slug":"polityka-prywatnosci-newsletter","status":"publish","type":"page","link":"https:\/\/perseinstitute.com\/pl\/polityka-prywatnosci-newsletter\/","title":{"rendered":"Polityka Prywatno\u015bci \u2013 newsletter"},"content":{"rendered":"\n<p>Administratorem Pa\u0144stwa danych osobowych jest <strong>Perse Institute<\/strong> z siedzib\u0105 w <strong>81-356 Gdynia<\/strong>, STAROWIEJSKA 16 \/ 9, NIP: STAROWIEJSKA 16 \/ 9, REGON: 542272859, e-mail: <strong>\n  <a href=\"mailto:contact@perseinstitute.com\">contact@perseinstitute.com<\/a>\n<\/strong>.<\/p>\n\n<h4 class=\"wp-block-heading\">Cel przetwarzania danych:<\/h4>\n\n<p>Pa\u0144stwa dane osobowe (adres e-mail oraz \u2013 opcjonalnie \u2013 imi\u0119) b\u0119d\u0105 przetwarzane w celu wysy\u0142ania newslettera zawieraj\u0105cego aktualizacje, wiadomo\u015bci, oferty i inne tre\u015bci zwi\u0105zane z dzia\u0142alno\u015bci\u0105 <strong>\n  <strong>Perse Institute<\/strong>\n<\/strong>.<\/p>\n\n<h4 class=\"wp-block-heading\">Podstawa prawna:<\/h4>\n\n<p>Pa\u0144stwa dane s\u0105 przetwarzane na podstawie wyra\u017conej zgody (art. 6 ust. 1 lit. a RODO), udzielonej podczas zapisywania si\u0119 do newslettera.<\/p>\n\n<h4 class=\"wp-block-heading\">Odbiorcy danych:<\/h4>\n\n<p>Pa\u0144stwa dane mog\u0105 by\u0107 przetwarzane za po\u015brednictwem systemu MailPoet (Automattic Inc.), kt\u00f3ry dzia\u0142a jako podmiot przetwarzaj\u0105cy dane w naszym imieniu.<\/p>\n\n<h4 class=\"wp-block-heading\">Okres przechowywania danych:<\/h4>\n\n<p>Pa\u0144stwa dane b\u0119d\u0105 przetwarzane do momentu wycofania zgody lub zaprzestania wysy\u0142ania newslettera.<\/p>\n\n<h4 class=\"wp-block-heading\">Przys\u0142uguj\u0105ce prawa:<\/h4>\n\n<p>Przys\u0142uguje Pa\u0144stwu prawo do:<\/p>\n\n<ul class=\"wp-block-list\">\n<li>dost\u0119pu do swoich danych,<\/li>\n\n\n\n<li>ich sprostowania,<\/li>\n\n\n\n<li>\u017c\u0105dania ich usuni\u0119cia,<\/li>\n\n\n\n<li>ograniczenia przetwarzania,<\/li>\n\n\n\n<li>sprzeciwu wobec przetwarzania,<\/li>\n\n\n\n<li>przenoszenia danych,<\/li>\n\n\n\n<li>oraz wycofania zgody w dowolnym momencie (bez wp\u0142ywu na zgodno\u015b\u0107 z prawem przetwarzania, kt\u00f3rego dokonano na podstawie zgody przed jej cofni\u0119ciem).<\/li>\n<\/ul>\n\n<p>Przys\u0142uguje Pa\u0144stwu r\u00f3wnie\u017c prawo wniesienia skargi do <strong>Prezesa Urz\u0119du Ochrony Danych Osobowych (PUODO)<\/strong>, je\u017celi uznaj\u0105 Pa\u0144stwo, \u017ce przetwarzanie danych odbywa si\u0119 niezgodnie z prawem.<\/p>\n\n<h4 class=\"wp-block-heading\">Dobrowolno\u015b\u0107 podania danych:<\/h4>\n\n<p>Podanie danych jest dobrowolne, ale niezb\u0119dne do otrzymywania newslettera.<\/p>\n","protected":false},"excerpt":{"rendered":"<p>Administratorem Pa\u0144stwa danych osobowych jest Perse Institute z siedzib\u0105 w 81-356 Gdynia, STAROWIEJSKA 16 \/ 9, NIP: STAROWIEJSKA 16 \/ 9, REGON: 542272859, e-mail: contact@perseinstitute.com . Cel przetwarzania danych: Pa\u0144stwa&#8230;<\/p>\n","protected":false},"author":1,"featured_media":0,"parent":0,"menu_order":0,"comment_status":"closed","ping_status":"closed","template":"","meta":{"_acf_changed":false,"footnotes":""},"class_list":["post-524","page","type-page","status-publish","hentry"],"acf":[],"_links":{"self":[{"href":"https:\/\/perseinstitute.com\/pl\/wp-json\/wp\/v2\/pages\/524","targetHints":{"allow":["GET"]}}],"collection":[{"href":"https:\/\/perseinstitute.com\/pl\/wp-json\/wp\/v2\/pages"}],"about":[{"href":"https:\/\/perseinstitute.com\/pl\/wp-json\/wp\/v2\/types\/page"}],"author":[{"embeddable":true,"href":"https:\/\/perseinstitute.com\/pl\/wp-json\/wp\/v2\/users\/1"}],"replies":[{"embeddable":true,"href":"https:\/\/perseinstitute.com\/pl\/wp-json\/wp\/v2\/comments?post=524"}],"version-history":[{"count":1,"href":"https:\/\/perseinstitute.com\/pl\/wp-json\/wp\/v2\/pages\/524\/revisions"}],"predecessor-version":[{"id":525,"href":"https:\/\/perseinstitute.com\/pl\/wp-json\/wp\/v2\/pages\/524\/revisions\/525"}],"wp:attachment":[{"href":"https:\/\/perseinstitute.com\/pl\/wp-json\/wp\/v2\/media?parent=524"}],"curies":[{"name":"wp","href":"https:\/\/api.w.org\/{rel}","templated":true}]}}