{"id":519,"date":"2025-08-08T08:15:07","date_gmt":"2025-08-08T08:15:07","guid":{"rendered":"https:\/\/perseinstitute.com\/strona-glowna\/"},"modified":"2025-10-10T05:42:13","modified_gmt":"2025-10-10T05:42:13","slug":"strona-glowna","status":"publish","type":"page","link":"https:\/\/perseinstitute.com\/pl\/","title":{"rendered":"Strona g\u0142\u00f3wna"},"content":{"rendered":"\n<div style=\"height:88px\" aria-hidden=\"true\" class=\"wp-block-spacer\"><\/div>\n\n\n\n<h1 class=\"wp-block-heading has-text-align-center has-x-large-font-size\">Stworzone, aby rosn\u0105\u0107<br>Zaprojektowane, aby trwa\u0107<\/h1>\n\n\n<div class=\"wp-block-image star\">\n<figure class=\"aligncenter size-full\"><img decoding=\"async\" src=\"http:\/\/perseinstitute.com\/wp-content\/uploads\/2025\/07\/star.svg\" alt=\"\" class=\"wp-image-32\"\/><\/figure>\n<\/div>\n\n\n<div style=\"height:25px\" aria-hidden=\"true\" class=\"wp-block-spacer\"><\/div>\n\n\n\n<div class=\"wp-block-columns is-layout-flex wp-container-core-columns-is-layout-9d6595d7 wp-block-columns-is-layout-flex\">\n<div class=\"wp-block-column is-layout-flow wp-block-column-is-layout-flow\"><\/div>\n\n\n\n<div class=\"wp-block-column is-layout-flow wp-block-column-is-layout-flow\" style=\"flex-basis:80%\">\n<p class=\"has-text-align-center\">W Instytucie Perse projektujemy do\u015bwiadczenia edukacyjne, kt\u00f3re pomagaj\u0105 jednostkom i organizacjom zachowa\u0107 wiedz\u0119, budowa\u0107 kluczowe kompetencje i rozwija\u0107 si\u0119 w zr\u00f3wnowa\u017cony spos\u00f3b w obszarach ESG, zarz\u0105dzania ryzykiem, danych, analityki i AI oraz rozwoju osobistego.<\/p>\n<\/div>\n\n\n\n<div class=\"wp-block-column is-layout-flow wp-block-column-is-layout-flow\"><\/div>\n<\/div>\n\n\n\n<div class=\"wp-block-buttons is-content-justification-center is-layout-flex wp-container-core-buttons-is-layout-16018d1d wp-block-buttons-is-layout-flex\">\n<div class=\"wp-block-button\"><a class=\"wp-block-button__link wp-element-button\" href=\"https:\/\/perseinstitute.com\/pl\/szkolenie\/\">SPRAWD\u0179 OFERT\u0118<\/a><\/div>\n<\/div>\n\n\n\n<div style=\"height:46px\" aria-hidden=\"true\" class=\"wp-block-spacer\"><\/div>\n\n\n\n<p class=\"has-text-align-center\">Od zachowania wiedzy do odporno\u015bci biznesowej.<\/p>\n\n\n\n<div style=\"height:57px\" aria-hidden=\"true\" class=\"wp-block-spacer\"><\/div>\n\n\n\n<div class=\"wp-block-group alignfull\" id=\"perse-scroller\"><div class=\"wp-block-group__inner-container is-layout-constrained wp-block-group-is-layout-constrained\">\n<ul class=\"wp-block-list\">\n<li>ESG<\/li>\n\n\n\n<li>Zarz\u0105dzanie ryzykiem<\/li>\n\n\n\n<li>Dane, analityka i AI<\/li>\n\n\n\n<li>Rozw\u00f3j osobisty<\/li>\n\n\n\n<li>ESG<\/li>\n\n\n\n<li>Zarz\u0105dzanie ryzykiem<\/li>\n\n\n\n<li>Dane, analityka i AI<\/li>\n\n\n\n<li>Rozw\u00f3j osobisty<\/li>\n\n\n\n<li><\/li>\n<\/ul>\n<\/div><\/div>\n","protected":false},"excerpt":{"rendered":"<p>Stworzone, aby rosn\u0105\u0107Zaprojektowane, aby trwa\u0107 W Instytucie Perse projektujemy do\u015bwiadczenia edukacyjne, kt\u00f3re pomagaj\u0105 jednostkom i organizacjom zachowa\u0107 wiedz\u0119, budowa\u0107 kluczowe kompetencje i rozwija\u0107 si\u0119 w zr\u00f3wnowa\u017cony spos\u00f3b w obszarach ESG,&#8230;<\/p>\n","protected":false},"author":1,"featured_media":0,"parent":0,"menu_order":0,"comment_status":"closed","ping_status":"closed","template":"","meta":{"_acf_changed":false,"footnotes":""},"class_list":["post-519","page","type-page","status-publish","hentry"],"acf":[],"_links":{"self":[{"href":"https:\/\/perseinstitute.com\/pl\/wp-json\/wp\/v2\/pages\/519","targetHints":{"allow":["GET"]}}],"collection":[{"href":"https:\/\/perseinstitute.com\/pl\/wp-json\/wp\/v2\/pages"}],"about":[{"href":"https:\/\/perseinstitute.com\/pl\/wp-json\/wp\/v2\/types\/page"}],"author":[{"embeddable":true,"href":"https:\/\/perseinstitute.com\/pl\/wp-json\/wp\/v2\/users\/1"}],"replies":[{"embeddable":true,"href":"https:\/\/perseinstitute.com\/pl\/wp-json\/wp\/v2\/comments?post=519"}],"version-history":[{"count":5,"href":"https:\/\/perseinstitute.com\/pl\/wp-json\/wp\/v2\/pages\/519\/revisions"}],"predecessor-version":[{"id":609,"href":"https:\/\/perseinstitute.com\/pl\/wp-json\/wp\/v2\/pages\/519\/revisions\/609"}],"wp:attachment":[{"href":"https:\/\/perseinstitute.com\/pl\/wp-json\/wp\/v2\/media?parent=519"}],"curies":[{"name":"wp","href":"https:\/\/api.w.org\/{rel}","templated":true}]}}